{"id":372,"date":"2026-01-30T00:38:08","date_gmt":"2026-01-30T00:38:08","guid":{"rendered":"https:\/\/sistemacobra.com.mx\/?page_id=372"},"modified":"2026-04-09T16:53:29","modified_gmt":"2026-04-09T16:53:29","slug":"preguntas-frecuentes","status":"publish","type":"page","link":"https:\/\/sistemacobra.com.mx\/?page_id=372","title":{"rendered":"Preguntas frecuentes"},"content":{"rendered":"\t\t<div data-elementor-type=\"wp-page\" data-elementor-id=\"372\" class=\"elementor elementor-372\" data-elementor-post-type=\"page\">\n\t\t\t\t<div class=\"elementor-element elementor-element-25f45ae4 e-flex e-con-boxed e-con e-parent\" data-id=\"25f45ae4\" data-element_type=\"container\" data-e-type=\"container\" data-settings=\"{&quot;background_background&quot;:&quot;classic&quot;}\">\n\t\t\t\t\t<div class=\"e-con-inner\">\n\t\t<div class=\"elementor-element elementor-element-7a210348 e-con-full e-flex e-con e-child\" data-id=\"7a210348\" data-element_type=\"container\" data-e-type=\"container\">\n\t\t\t\t<div class=\"elementor-element elementor-element-7b3c71fc elementor-invisible elementor-widget elementor-widget-heading\" data-id=\"7b3c71fc\" data-element_type=\"widget\" data-e-type=\"widget\" data-settings=\"{&quot;_animation&quot;:&quot;fadeInLeft&quot;}\" data-widget_type=\"heading.default\">\n\t\t\t\t\t<h1 class=\"elementor-heading-title elementor-size-default\">Preguntas frecuentes<\/h1>\t\t\t\t<\/div>\n\t\t\t\t<div class=\"elementor-element elementor-element-11b64692 elementor-invisible elementor-widget elementor-widget-heading\" data-id=\"11b64692\" data-element_type=\"widget\" data-e-type=\"widget\" data-settings=\"{&quot;_animation&quot;:&quot;fadeInLeft&quot;}\" data-widget_type=\"heading.default\">\n\t\t\t\t\t<h4 class=\"elementor-heading-title elementor-size-default\">Conoce las preguntas m\u00e1s frecuentes que hacen nuestros clientes<\/h4>\t\t\t\t<\/div>\n\t\t\t\t<\/div>\n\t\t\t\t\t<\/div>\n\t\t\t\t<\/div>\n\t\t<div class=\"elementor-element elementor-element-4dc7b05a e-flex e-con-boxed e-con e-parent\" data-id=\"4dc7b05a\" data-element_type=\"container\" data-e-type=\"container\">\n\t\t\t\t\t<div class=\"e-con-inner\">\n\t\t<div class=\"elementor-element elementor-element-2baaf12b e-con-full e-flex elementor-invisible e-con e-child\" data-id=\"2baaf12b\" data-element_type=\"container\" data-e-type=\"container\" data-settings=\"{&quot;animation&quot;:&quot;fadeInLeft&quot;}\">\n\t\t\t\t<div class=\"elementor-element elementor-element-e1b9af6 elementor-widget elementor-widget-heading\" data-id=\"e1b9af6\" data-element_type=\"widget\" data-e-type=\"widget\" data-widget_type=\"heading.default\">\n\t\t\t\t\t<h2 class=\"elementor-heading-title elementor-size-default\">Preguntas frecuentes<\/h2>\t\t\t\t<\/div>\n\t\t\t\t<div class=\"elementor-element elementor-element-74467824 elementor-widget elementor-widget-elementskit-accordion\" data-id=\"74467824\" data-element_type=\"widget\" data-e-type=\"widget\" data-widget_type=\"elementskit-accordion.default\">\n\t\t\t\t\t<div class=\"ekit-wid-con\" >\n        <div class=\"elementskit-accordion accoedion-primary\" id=\"accordion-69dedb5562f8e\">\n\n            \n                <div class=\"elementskit-card active\">\n                    <div class=\"elementskit-card-header\" id=\"primaryHeading-0-74467824\">\n                        <a href=\"#collapse-dc5844469dedb5562f8e\" class=\"ekit-accordion--toggler elementskit-btn-link collapsed\" data-ekit-toggle=\"collapse\" data-target=\"#Collapse-dc5844469dedb5562f8e\" aria-expanded=\"true\" aria-controls=\"Collapse-dc5844469dedb5562f8e\">\n                            \n                            <span class=\"ekit-accordion-title\">\u00bfC\u00f3mo puedo contratar un servicio de custodia o vigilancia?<\/span>\n\n                            \n                                <div class=\"ekit_accordion_icon_group\">\n                                    <div class=\"ekit_accordion_normal_icon\">\n                                        <!-- Normal Icon -->\n\t\t\t\t\t\t\t\t\t\t<i class=\"oi oi-chevron-bottom\"><\/i>                                    <\/div>\n\n                                    <div class=\"ekit_accordion_active_icon\">\n                                        <!-- Active Icon -->\n\t\t\t\t\t\t\t\t\t\t<i class=\"oi oi-chevron-top\"><\/i>                                    <\/div>\n                                <\/div>\n\n                            \n                                                    <\/a>\n                    <\/div>\n\n                    <div id=\"Collapse-dc5844469dedb5562f8e\" class=\" show collapse\" aria-labelledby=\"primaryHeading-0-74467824\" data-parent=\"#accordion-69dedb5562f8e\">\n\n                        <div class=\"elementskit-card-body ekit-accordion--content\">\n                            <p><span style=\"font-weight: 400\">Puedes contratar un servicio de custodia o vigilancia comunic\u00e1ndote directamente con nuestro equipo a trav\u00e9s del formulario de contacto, por tel\u00e9fono o correo electr\u00f3nico. Un asesor de Sistema Cobra te brindar\u00e1 una atenci\u00f3n personalizada para evaluar tus necesidades y ofrecerte la mejor soluci\u00f3n en seguridad.<\/span><\/p>                        <\/div>\n\n                    <\/div>\n\n                <\/div><!-- .elementskit-card END -->\n\n                \n                <div class=\"elementskit-card \">\n                    <div class=\"elementskit-card-header\" id=\"primaryHeading-1-74467824\">\n                        <a href=\"#collapse-9b1f25a69dedb5562f8e\" class=\"ekit-accordion--toggler elementskit-btn-link collapsed\" data-ekit-toggle=\"collapse\" data-target=\"#Collapse-9b1f25a69dedb5562f8e\" aria-expanded=\"false\" aria-controls=\"Collapse-9b1f25a69dedb5562f8e\">\n                            \n                            <span class=\"ekit-accordion-title\">\u00bfQu\u00e9 tipo de veh\u00edculos y equipo utilizan en Sistema Cobra?<\/span>\n\n                            \n                                <div class=\"ekit_accordion_icon_group\">\n                                    <div class=\"ekit_accordion_normal_icon\">\n                                        <!-- Normal Icon -->\n\t\t\t\t\t\t\t\t\t\t<i class=\"oi oi-chevron-bottom\"><\/i>                                    <\/div>\n\n                                    <div class=\"ekit_accordion_active_icon\">\n                                        <!-- Active Icon -->\n\t\t\t\t\t\t\t\t\t\t<i class=\"oi oi-chevron-top\"><\/i>                                    <\/div>\n                                <\/div>\n\n                            \n                                                    <\/a>\n                    <\/div>\n\n                    <div id=\"Collapse-9b1f25a69dedb5562f8e\" class=\" collapse\" aria-labelledby=\"primaryHeading-1-74467824\" data-parent=\"#accordion-69dedb5562f8e\">\n\n                        <div class=\"elementskit-card-body ekit-accordion--content\">\n                            <p><span style=\"font-weight: 400\">Nuestros veh\u00edculos de custodia son camionetas tipo pick-up con blindaje Nivel III, sistema de rastreo GPS, bot\u00f3n de emergencia, paro de motor, comunicaci\u00f3n directa con cabina, tumbaburros, roll bar y troneras en puertas y medall\u00f3n, lo que permite repeler cualquier intento de ataque.\u00a0<\/span><\/p><p><span style=\"font-weight: 400\">Por otro lado, nuestros veh\u00edculos de carga incluyen camiones Ford de 3.5 y 4.5 toneladas, Kenworth tipo Torton y tr\u00e1ilers, todos con blindaje Nivel IV y V, rastreo GPS, bot\u00f3n de emergencia, paro de motor, comunicaci\u00f3n con cabina y apertura electr\u00f3nica de puertas en cajas secas.<\/span><\/p>                        <\/div>\n\n                    <\/div>\n\n                <\/div><!-- .elementskit-card END -->\n\n                \n                <div class=\"elementskit-card \">\n                    <div class=\"elementskit-card-header\" id=\"primaryHeading-2-74467824\">\n                        <a href=\"#collapse-078260d69dedb5562f8e\" class=\"ekit-accordion--toggler elementskit-btn-link collapsed\" data-ekit-toggle=\"collapse\" data-target=\"#Collapse-078260d69dedb5562f8e\" aria-expanded=\"false\" aria-controls=\"Collapse-078260d69dedb5562f8e\">\n                            \n                            <span class=\"ekit-accordion-title\">\u00bfLos servicios est\u00e1n disponibles en todo el pa\u00eds?<\/span>\n\n                            \n                                <div class=\"ekit_accordion_icon_group\">\n                                    <div class=\"ekit_accordion_normal_icon\">\n                                        <!-- Normal Icon -->\n\t\t\t\t\t\t\t\t\t\t<i class=\"oi oi-chevron-bottom\"><\/i>                                    <\/div>\n\n                                    <div class=\"ekit_accordion_active_icon\">\n                                        <!-- Active Icon -->\n\t\t\t\t\t\t\t\t\t\t<i class=\"oi oi-chevron-top\"><\/i>                                    <\/div>\n                                <\/div>\n\n                            \n                                                    <\/a>\n                    <\/div>\n\n                    <div id=\"Collapse-078260d69dedb5562f8e\" class=\" collapse\" aria-labelledby=\"primaryHeading-2-74467824\" data-parent=\"#accordion-69dedb5562f8e\">\n\n                        <div class=\"elementskit-card-body ekit-accordion--content\">\n                            <p><span style=\"font-weight: 400\">Contamos con servicios alrededor de toda la Rep\u00fablica Mexicana, as\u00ed como con bases operativas en los principales puertos de entrada de Mercanc\u00eda, lo que nos permite tener accesos a las aduanas.<\/span><\/p>                        <\/div>\n\n                    <\/div>\n\n                <\/div><!-- .elementskit-card END -->\n\n                \n                <div class=\"elementskit-card \">\n                    <div class=\"elementskit-card-header\" id=\"primaryHeading-3-74467824\">\n                        <a href=\"#collapse-d62ce9f69dedb5562f8e\" class=\"ekit-accordion--toggler elementskit-btn-link collapsed\" data-ekit-toggle=\"collapse\" data-target=\"#Collapse-d62ce9f69dedb5562f8e\" aria-expanded=\"false\" aria-controls=\"Collapse-d62ce9f69dedb5562f8e\">\n                            \n                            <span class=\"ekit-accordion-title\">\u00bfLa empresa cuenta con certificaciones?<\/span>\n\n                            \n                                <div class=\"ekit_accordion_icon_group\">\n                                    <div class=\"ekit_accordion_normal_icon\">\n                                        <!-- Normal Icon -->\n\t\t\t\t\t\t\t\t\t\t<i class=\"oi oi-chevron-bottom\"><\/i>                                    <\/div>\n\n                                    <div class=\"ekit_accordion_active_icon\">\n                                        <!-- Active Icon -->\n\t\t\t\t\t\t\t\t\t\t<i class=\"oi oi-chevron-top\"><\/i>                                    <\/div>\n                                <\/div>\n\n                            \n                                                    <\/a>\n                    <\/div>\n\n                    <div id=\"Collapse-d62ce9f69dedb5562f8e\" class=\" collapse\" aria-labelledby=\"primaryHeading-3-74467824\" data-parent=\"#accordion-69dedb5562f8e\">\n\n                        <div class=\"elementskit-card-body ekit-accordion--content\">\n                            <p><span style=\"font-weight: 400\">Si, contamos con una serie de registros que nos avalan ante diferentes organismos de seguridad y protecci\u00f3n como la Secretar\u00eda de Gobernaci\u00f3n. Igualmente se trabaja bajo el amparo de una Licencia Colectiva de Portaci\u00f3n de Armas de Fuego, otorgada por la Secretar\u00eda de la Defensa Nacional.\u00a0<\/span><\/p>                        <\/div>\n\n                    <\/div>\n\n                <\/div><!-- .elementskit-card END -->\n\n                                        <\/div>\n    <\/div>\t\t\t\t<\/div>\n\t\t\t\t<\/div>\n\t\t<div class=\"elementor-element elementor-element-d3584ab e-con-full e-flex e-con e-child\" data-id=\"d3584ab\" data-element_type=\"container\" data-e-type=\"container\" data-settings=\"{&quot;animation&quot;:&quot;none&quot;}\">\n\t\t\t\t<div class=\"elementor-element elementor-element-170a73e6 elementor-widget-tablet__width-inherit elementor-invisible elementor-widget elementor-widget-image\" data-id=\"170a73e6\" data-element_type=\"widget\" data-e-type=\"widget\" data-settings=\"{&quot;_animation&quot;:&quot;fadeInRight&quot;}\" data-widget_type=\"image.default\">\n\t\t\t\t\t\t\t\t\t\t\t\t\t\t\t<img fetchpriority=\"high\" decoding=\"async\" width=\"450\" height=\"650\" src=\"https:\/\/sistemacobra.com.mx\/wp-content\/uploads\/2026\/01\/preguntas-imagen1.jpg\" class=\"attachment-full size-full wp-image-382\" alt=\"\" srcset=\"https:\/\/sistemacobra.com.mx\/wp-content\/uploads\/2026\/01\/preguntas-imagen1.jpg 450w, https:\/\/sistemacobra.com.mx\/wp-content\/uploads\/2026\/01\/preguntas-imagen1-208x300.jpg 208w\" sizes=\"(max-width: 450px) 100vw, 450px\" \/>\t\t\t\t\t\t\t\t\t\t\t\t\t\t\t<\/div>\n\t\t\t\t<div class=\"elementor-element elementor-element-69021e43 elementor-widget__width-initial elementor-absolute elementor-invisible elementor-widget elementor-widget-image\" data-id=\"69021e43\" data-element_type=\"widget\" data-e-type=\"widget\" data-settings=\"{&quot;_position&quot;:&quot;absolute&quot;,&quot;_animation&quot;:&quot;fadeInRight&quot;}\" data-widget_type=\"image.default\">\n\t\t\t\t\t\t\t\t\t\t\t\t\t\t\t<img decoding=\"async\" width=\"900\" height=\"650\" src=\"https:\/\/sistemacobra.com.mx\/wp-content\/uploads\/2026\/01\/preguntas-imagen2.jpg\" class=\"attachment-full size-full wp-image-383\" alt=\"\" srcset=\"https:\/\/sistemacobra.com.mx\/wp-content\/uploads\/2026\/01\/preguntas-imagen2.jpg 900w, https:\/\/sistemacobra.com.mx\/wp-content\/uploads\/2026\/01\/preguntas-imagen2-300x217.jpg 300w, https:\/\/sistemacobra.com.mx\/wp-content\/uploads\/2026\/01\/preguntas-imagen2-768x555.jpg 768w\" sizes=\"(max-width: 900px) 100vw, 900px\" \/>\t\t\t\t\t\t\t\t\t\t\t\t\t\t\t<\/div>\n\t\t\t\t<\/div>\n\t\t\t\t\t<\/div>\n\t\t\t\t<\/div>\n\t\t\t\t<\/div>\n\t\t","protected":false},"excerpt":{"rendered":"<p>Conoce las preguntas m\u00e1s frecuentes que hacen nuestros clientes Preguntas frecuentes \u00bfC\u00f3mo puedo contratar un servicio de custodia o vigilancia? Puedes contratar un servicio de custodia o vigilancia comunic\u00e1ndote directamente con nuestro equipo a trav\u00e9s del formulario de contacto, por tel\u00e9fono o correo electr\u00f3nico. Un asesor de Sistema Cobra te brindar\u00e1 una atenci\u00f3n personalizada para [&hellip;]<\/p>\n","protected":false},"author":1,"featured_media":0,"parent":0,"menu_order":0,"comment_status":"closed","ping_status":"closed","template":"elementor_header_footer","meta":{"footnotes":""},"class_list":["post-372","page","type-page","status-publish","hentry"],"yoast_head":"<!-- This site is optimized with the Yoast SEO plugin v27.3 - https:\/\/yoast.com\/product\/yoast-seo-wordpress\/ -->\n<title>Preguntas Frecuentes | Custodia y Traslado de Valores<\/title>\n<meta name=\"description\" content=\"Resuelve tus dudas sobre nuestros servicios de custodia y traslado de bienes. Conoce c\u00f3mo opera Sistema Cobra y nuestras medidas de seguridad.\" \/>\n<meta name=\"robots\" content=\"index, follow, max-snippet:-1, max-image-preview:large, max-video-preview:-1\" \/>\n<link rel=\"canonical\" href=\"https:\/\/sistemacobra.com.mx\/preguntas-frecuentes\/\" \/>\n<meta property=\"og:locale\" content=\"es_ES\" \/>\n<meta property=\"og:type\" content=\"article\" \/>\n<meta property=\"og:title\" content=\"Preguntas Frecuentes | Custodia y Traslado de Valores\" \/>\n<meta property=\"og:description\" content=\"Resuelve tus dudas sobre nuestros servicios de custodia y traslado de bienes. Conoce c\u00f3mo opera Sistema Cobra y nuestras medidas de seguridad.\" \/>\n<meta property=\"og:url\" content=\"https:\/\/sistemacobra.com.mx\/preguntas-frecuentes\/\" \/>\n<meta property=\"og:site_name\" content=\"Sistema Cobra\" \/>\n<meta property=\"article:modified_time\" content=\"2026-04-09T16:53:29+00:00\" \/>\n<meta property=\"og:image\" content=\"https:\/\/sistemacobra.com.mx\/wp-content\/uploads\/2026\/01\/preguntas-imagen1.jpg\" \/>\n<meta name=\"twitter:card\" content=\"summary_large_image\" \/>\n<meta name=\"twitter:label1\" content=\"Tiempo de lectura\" \/>\n\t<meta name=\"twitter:data1\" content=\"2 minutos\" \/>\n<script type=\"application\/ld+json\" class=\"yoast-schema-graph\">{\"@context\":\"https:\\\/\\\/schema.org\",\"@graph\":[{\"@type\":\"WebPage\",\"@id\":\"https:\\\/\\\/sistemacobra.com.mx\\\/preguntas-frecuentes\\\/\",\"url\":\"https:\\\/\\\/sistemacobra.com.mx\\\/preguntas-frecuentes\\\/\",\"name\":\"Preguntas Frecuentes | Custodia y Traslado de Valores\",\"isPartOf\":{\"@id\":\"https:\\\/\\\/sistemacobra.com.mx\\\/#website\"},\"primaryImageOfPage\":{\"@id\":\"https:\\\/\\\/sistemacobra.com.mx\\\/preguntas-frecuentes\\\/#primaryimage\"},\"image\":{\"@id\":\"https:\\\/\\\/sistemacobra.com.mx\\\/preguntas-frecuentes\\\/#primaryimage\"},\"thumbnailUrl\":\"https:\\\/\\\/sistemacobra.com.mx\\\/wp-content\\\/uploads\\\/2026\\\/01\\\/preguntas-imagen1.jpg\",\"datePublished\":\"2026-01-30T00:38:08+00:00\",\"dateModified\":\"2026-04-09T16:53:29+00:00\",\"description\":\"Resuelve tus dudas sobre nuestros servicios de custodia y traslado de bienes. Conoce c\u00f3mo opera Sistema Cobra y nuestras medidas de seguridad.\",\"breadcrumb\":{\"@id\":\"https:\\\/\\\/sistemacobra.com.mx\\\/preguntas-frecuentes\\\/#breadcrumb\"},\"inLanguage\":\"es\",\"potentialAction\":[{\"@type\":\"ReadAction\",\"target\":[\"https:\\\/\\\/sistemacobra.com.mx\\\/preguntas-frecuentes\\\/\"]}]},{\"@type\":\"ImageObject\",\"inLanguage\":\"es\",\"@id\":\"https:\\\/\\\/sistemacobra.com.mx\\\/preguntas-frecuentes\\\/#primaryimage\",\"url\":\"https:\\\/\\\/sistemacobra.com.mx\\\/wp-content\\\/uploads\\\/2026\\\/01\\\/preguntas-imagen1.jpg\",\"contentUrl\":\"https:\\\/\\\/sistemacobra.com.mx\\\/wp-content\\\/uploads\\\/2026\\\/01\\\/preguntas-imagen1.jpg\",\"width\":450,\"height\":650},{\"@type\":\"BreadcrumbList\",\"@id\":\"https:\\\/\\\/sistemacobra.com.mx\\\/preguntas-frecuentes\\\/#breadcrumb\",\"itemListElement\":[{\"@type\":\"ListItem\",\"position\":1,\"name\":\"Portada\",\"item\":\"https:\\\/\\\/sistemacobra.com.mx\\\/\"},{\"@type\":\"ListItem\",\"position\":2,\"name\":\"Preguntas frecuentes\"}]},{\"@type\":\"WebSite\",\"@id\":\"https:\\\/\\\/sistemacobra.com.mx\\\/#website\",\"url\":\"https:\\\/\\\/sistemacobra.com.mx\\\/\",\"name\":\"Custodia y Traslado de Valores en M\u00e9xico | Sistema Cobra\",\"description\":\"Protege tus bienes con Sistema Cobra. Ofrecemos custodia y traslado de valores con unidades blindadas, personal armado y cobertura en todo M\u00e9xico. Seguridad confiable para tu empresa.\",\"publisher\":{\"@id\":\"https:\\\/\\\/sistemacobra.com.mx\\\/#organization\"},\"alternateName\":\"Sistema Cobra\",\"potentialAction\":[{\"@type\":\"SearchAction\",\"target\":{\"@type\":\"EntryPoint\",\"urlTemplate\":\"https:\\\/\\\/sistemacobra.com.mx\\\/?s={search_term_string}\"},\"query-input\":{\"@type\":\"PropertyValueSpecification\",\"valueRequired\":true,\"valueName\":\"search_term_string\"}}],\"inLanguage\":\"es\"},{\"@type\":\"Organization\",\"@id\":\"https:\\\/\\\/sistemacobra.com.mx\\\/#organization\",\"name\":\"Custodia y Traslado de Valores en M\u00e9xico | Sistema Cobra\",\"alternateName\":\"Sistema Cobra\",\"url\":\"https:\\\/\\\/sistemacobra.com.mx\\\/\",\"logo\":{\"@type\":\"ImageObject\",\"inLanguage\":\"es\",\"@id\":\"https:\\\/\\\/sistemacobra.com.mx\\\/#\\\/schema\\\/logo\\\/image\\\/\",\"url\":\"https:\\\/\\\/sistemacobra.com.mx\\\/wp-content\\\/uploads\\\/2025\\\/12\\\/cropped-logo_cobra.png\",\"contentUrl\":\"https:\\\/\\\/sistemacobra.com.mx\\\/wp-content\\\/uploads\\\/2025\\\/12\\\/cropped-logo_cobra.png\",\"width\":512,\"height\":512,\"caption\":\"Custodia y Traslado de Valores en M\u00e9xico | Sistema Cobra\"},\"image\":{\"@id\":\"https:\\\/\\\/sistemacobra.com.mx\\\/#\\\/schema\\\/logo\\\/image\\\/\"}}]}<\/script>\n<!-- \/ Yoast SEO plugin. -->","yoast_head_json":{"title":"Preguntas Frecuentes | Custodia y Traslado de Valores","description":"Resuelve tus dudas sobre nuestros servicios de custodia y traslado de bienes. Conoce c\u00f3mo opera Sistema Cobra y nuestras medidas de seguridad.","robots":{"index":"index","follow":"follow","max-snippet":"max-snippet:-1","max-image-preview":"max-image-preview:large","max-video-preview":"max-video-preview:-1"},"canonical":"https:\/\/sistemacobra.com.mx\/preguntas-frecuentes\/","og_locale":"es_ES","og_type":"article","og_title":"Preguntas Frecuentes | Custodia y Traslado de Valores","og_description":"Resuelve tus dudas sobre nuestros servicios de custodia y traslado de bienes. Conoce c\u00f3mo opera Sistema Cobra y nuestras medidas de seguridad.","og_url":"https:\/\/sistemacobra.com.mx\/preguntas-frecuentes\/","og_site_name":"Sistema Cobra","article_modified_time":"2026-04-09T16:53:29+00:00","og_image":[{"url":"https:\/\/sistemacobra.com.mx\/wp-content\/uploads\/2026\/01\/preguntas-imagen1.jpg","type":"","width":"","height":""}],"twitter_card":"summary_large_image","twitter_misc":{"Tiempo de lectura":"2 minutos"},"schema":{"@context":"https:\/\/schema.org","@graph":[{"@type":"WebPage","@id":"https:\/\/sistemacobra.com.mx\/preguntas-frecuentes\/","url":"https:\/\/sistemacobra.com.mx\/preguntas-frecuentes\/","name":"Preguntas Frecuentes | Custodia y Traslado de Valores","isPartOf":{"@id":"https:\/\/sistemacobra.com.mx\/#website"},"primaryImageOfPage":{"@id":"https:\/\/sistemacobra.com.mx\/preguntas-frecuentes\/#primaryimage"},"image":{"@id":"https:\/\/sistemacobra.com.mx\/preguntas-frecuentes\/#primaryimage"},"thumbnailUrl":"https:\/\/sistemacobra.com.mx\/wp-content\/uploads\/2026\/01\/preguntas-imagen1.jpg","datePublished":"2026-01-30T00:38:08+00:00","dateModified":"2026-04-09T16:53:29+00:00","description":"Resuelve tus dudas sobre nuestros servicios de custodia y traslado de bienes. Conoce c\u00f3mo opera Sistema Cobra y nuestras medidas de seguridad.","breadcrumb":{"@id":"https:\/\/sistemacobra.com.mx\/preguntas-frecuentes\/#breadcrumb"},"inLanguage":"es","potentialAction":[{"@type":"ReadAction","target":["https:\/\/sistemacobra.com.mx\/preguntas-frecuentes\/"]}]},{"@type":"ImageObject","inLanguage":"es","@id":"https:\/\/sistemacobra.com.mx\/preguntas-frecuentes\/#primaryimage","url":"https:\/\/sistemacobra.com.mx\/wp-content\/uploads\/2026\/01\/preguntas-imagen1.jpg","contentUrl":"https:\/\/sistemacobra.com.mx\/wp-content\/uploads\/2026\/01\/preguntas-imagen1.jpg","width":450,"height":650},{"@type":"BreadcrumbList","@id":"https:\/\/sistemacobra.com.mx\/preguntas-frecuentes\/#breadcrumb","itemListElement":[{"@type":"ListItem","position":1,"name":"Portada","item":"https:\/\/sistemacobra.com.mx\/"},{"@type":"ListItem","position":2,"name":"Preguntas frecuentes"}]},{"@type":"WebSite","@id":"https:\/\/sistemacobra.com.mx\/#website","url":"https:\/\/sistemacobra.com.mx\/","name":"Custodia y Traslado de Valores en M\u00e9xico | Sistema Cobra","description":"Protege tus bienes con Sistema Cobra. Ofrecemos custodia y traslado de valores con unidades blindadas, personal armado y cobertura en todo M\u00e9xico. Seguridad confiable para tu empresa.","publisher":{"@id":"https:\/\/sistemacobra.com.mx\/#organization"},"alternateName":"Sistema Cobra","potentialAction":[{"@type":"SearchAction","target":{"@type":"EntryPoint","urlTemplate":"https:\/\/sistemacobra.com.mx\/?s={search_term_string}"},"query-input":{"@type":"PropertyValueSpecification","valueRequired":true,"valueName":"search_term_string"}}],"inLanguage":"es"},{"@type":"Organization","@id":"https:\/\/sistemacobra.com.mx\/#organization","name":"Custodia y Traslado de Valores en M\u00e9xico | Sistema Cobra","alternateName":"Sistema Cobra","url":"https:\/\/sistemacobra.com.mx\/","logo":{"@type":"ImageObject","inLanguage":"es","@id":"https:\/\/sistemacobra.com.mx\/#\/schema\/logo\/image\/","url":"https:\/\/sistemacobra.com.mx\/wp-content\/uploads\/2025\/12\/cropped-logo_cobra.png","contentUrl":"https:\/\/sistemacobra.com.mx\/wp-content\/uploads\/2025\/12\/cropped-logo_cobra.png","width":512,"height":512,"caption":"Custodia y Traslado de Valores en M\u00e9xico | Sistema Cobra"},"image":{"@id":"https:\/\/sistemacobra.com.mx\/#\/schema\/logo\/image\/"}}]}},"_links":{"self":[{"href":"https:\/\/sistemacobra.com.mx\/index.php?rest_route=\/wp\/v2\/pages\/372","targetHints":{"allow":["GET"]}}],"collection":[{"href":"https:\/\/sistemacobra.com.mx\/index.php?rest_route=\/wp\/v2\/pages"}],"about":[{"href":"https:\/\/sistemacobra.com.mx\/index.php?rest_route=\/wp\/v2\/types\/page"}],"author":[{"embeddable":true,"href":"https:\/\/sistemacobra.com.mx\/index.php?rest_route=\/wp\/v2\/users\/1"}],"replies":[{"embeddable":true,"href":"https:\/\/sistemacobra.com.mx\/index.php?rest_route=%2Fwp%2Fv2%2Fcomments&post=372"}],"version-history":[{"count":13,"href":"https:\/\/sistemacobra.com.mx\/index.php?rest_route=\/wp\/v2\/pages\/372\/revisions"}],"predecessor-version":[{"id":426,"href":"https:\/\/sistemacobra.com.mx\/index.php?rest_route=\/wp\/v2\/pages\/372\/revisions\/426"}],"wp:attachment":[{"href":"https:\/\/sistemacobra.com.mx\/index.php?rest_route=%2Fwp%2Fv2%2Fmedia&parent=372"}],"curies":[{"name":"wp","href":"https:\/\/api.w.org\/{rel}","templated":true}]}}