{"id":394,"date":"2026-01-30T17:35:56","date_gmt":"2026-01-30T17:35:56","guid":{"rendered":"https:\/\/sistemacobra.com.mx\/?page_id=394"},"modified":"2026-04-09T16:52:10","modified_gmt":"2026-04-09T16:52:10","slug":"custodia-y-traslado-de-bienes","status":"publish","type":"page","link":"https:\/\/sistemacobra.com.mx\/?page_id=394","title":{"rendered":"Custodia y traslado de bienes"},"content":{"rendered":"\t\t<div data-elementor-type=\"wp-page\" data-elementor-id=\"394\" class=\"elementor elementor-394\" data-elementor-post-type=\"page\">\n\t\t\t\t<div class=\"elementor-element elementor-element-6bbf78bb e-flex e-con-boxed e-con e-parent\" data-id=\"6bbf78bb\" data-element_type=\"container\" data-e-type=\"container\" data-settings=\"{&quot;background_background&quot;:&quot;classic&quot;}\">\n\t\t\t\t\t<div class=\"e-con-inner\">\n\t\t<div class=\"elementor-element elementor-element-6faa384e e-con-full e-flex e-con e-child\" data-id=\"6faa384e\" data-element_type=\"container\" data-e-type=\"container\">\n\t\t\t\t<div class=\"elementor-element elementor-element-11fa03df elementor-invisible elementor-widget elementor-widget-heading\" data-id=\"11fa03df\" data-element_type=\"widget\" data-e-type=\"widget\" data-settings=\"{&quot;_animation&quot;:&quot;fadeInLeft&quot;}\" data-widget_type=\"heading.default\">\n\t\t\t\t\t<h1 class=\"elementor-heading-title elementor-size-default\">Custodia y traslado de bienes<\/h1>\t\t\t\t<\/div>\n\t\t\t\t<\/div>\n\t\t\t\t\t<\/div>\n\t\t\t\t<\/div>\n\t\t<div class=\"elementor-element elementor-element-4733eccd e-flex e-con-boxed e-con e-parent\" data-id=\"4733eccd\" data-element_type=\"container\" data-e-type=\"container\">\n\t\t\t\t\t<div class=\"e-con-inner\">\n\t\t<div class=\"elementor-element elementor-element-112c0f90 e-con-full e-flex e-con e-child\" data-id=\"112c0f90\" data-element_type=\"container\" data-e-type=\"container\">\n\t\t\t\t<div class=\"elementor-element elementor-element-5abfc9f elementor-widget elementor-widget-heading\" data-id=\"5abfc9f\" data-element_type=\"widget\" data-e-type=\"widget\" data-widget_type=\"heading.default\">\n\t\t\t\t\t<h2 class=\"elementor-heading-title elementor-size-default\">Protegemos tu carga en carretera y zonas metropolitanas con unidades blindadas, rastreo GPS y personal armado altamente capacitado.<\/h2>\t\t\t\t<\/div>\n\t\t\t\t<div class=\"elementor-element elementor-element-5e86602 elementor-icon-list--layout-traditional elementor-list-item-link-full_width elementor-widget elementor-widget-icon-list\" data-id=\"5e86602\" data-element_type=\"widget\" data-e-type=\"widget\" data-widget_type=\"icon-list.default\">\n\t\t\t\t\t\t\t<ul class=\"elementor-icon-list-items\">\n\t\t\t\t\t\t\t<li class=\"elementor-icon-list-item\">\n\t\t\t\t\t\t\t\t\t\t\t<span class=\"elementor-icon-list-icon\">\n\t\t\t\t\t\t\t<svg aria-hidden=\"true\" class=\"e-font-icon-svg e-fas-check-circle\" viewBox=\"0 0 512 512\" xmlns=\"http:\/\/www.w3.org\/2000\/svg\"><path d=\"M504 256c0 136.967-111.033 248-248 248S8 392.967 8 256 119.033 8 256 8s248 111.033 248 248zM227.314 387.314l184-184c6.248-6.248 6.248-16.379 0-22.627l-22.627-22.627c-6.248-6.249-16.379-6.249-22.628 0L216 308.118l-70.059-70.059c-6.248-6.248-16.379-6.248-22.628 0l-22.627 22.627c-6.248 6.248-6.248 16.379 0 22.627l104 104c6.249 6.249 16.379 6.249 22.628.001z\"><\/path><\/svg>\t\t\t\t\t\t<\/span>\n\t\t\t\t\t\t\t\t\t\t<span class=\"elementor-icon-list-text\">M\u00e1xima confidencialidad<\/span>\n\t\t\t\t\t\t\t\t\t<\/li>\n\t\t\t\t\t\t\t\t<li class=\"elementor-icon-list-item\">\n\t\t\t\t\t\t\t\t\t\t\t<span class=\"elementor-icon-list-icon\">\n\t\t\t\t\t\t\t<svg aria-hidden=\"true\" class=\"e-font-icon-svg e-fas-check-circle\" viewBox=\"0 0 512 512\" xmlns=\"http:\/\/www.w3.org\/2000\/svg\"><path d=\"M504 256c0 136.967-111.033 248-248 248S8 392.967 8 256 119.033 8 256 8s248 111.033 248 248zM227.314 387.314l184-184c6.248-6.248 6.248-16.379 0-22.627l-22.627-22.627c-6.248-6.249-16.379-6.249-22.628 0L216 308.118l-70.059-70.059c-6.248-6.248-16.379-6.248-22.628 0l-22.627 22.627c-6.248 6.248-6.248 16.379 0 22.627l104 104c6.249 6.249 16.379 6.249 22.628.001z\"><\/path><\/svg>\t\t\t\t\t\t<\/span>\n\t\t\t\t\t\t\t\t\t\t<span class=\"elementor-icon-list-text\">Monitoreo en tiempo real<\/span>\n\t\t\t\t\t\t\t\t\t<\/li>\n\t\t\t\t\t\t\t\t<li class=\"elementor-icon-list-item\">\n\t\t\t\t\t\t\t\t\t\t\t<span class=\"elementor-icon-list-icon\">\n\t\t\t\t\t\t\t<svg aria-hidden=\"true\" class=\"e-font-icon-svg e-fas-check-circle\" viewBox=\"0 0 512 512\" xmlns=\"http:\/\/www.w3.org\/2000\/svg\"><path d=\"M504 256c0 136.967-111.033 248-248 248S8 392.967 8 256 119.033 8 256 8s248 111.033 248 248zM227.314 387.314l184-184c6.248-6.248 6.248-16.379 0-22.627l-22.627-22.627c-6.248-6.249-16.379-6.249-22.628 0L216 308.118l-70.059-70.059c-6.248-6.248-16.379-6.248-22.628 0l-22.627 22.627c-6.248 6.248-6.248 16.379 0 22.627l104 104c6.249 6.249 16.379 6.249 22.628.001z\"><\/path><\/svg>\t\t\t\t\t\t<\/span>\n\t\t\t\t\t\t\t\t\t\t<span class=\"elementor-icon-list-text\">Reacci\u00f3n inmediata<\/span>\n\t\t\t\t\t\t\t\t\t<\/li>\n\t\t\t\t\t\t\t\t<li class=\"elementor-icon-list-item\">\n\t\t\t\t\t\t\t\t\t\t\t<span class=\"elementor-icon-list-icon\">\n\t\t\t\t\t\t\t<svg aria-hidden=\"true\" class=\"e-font-icon-svg e-fas-check-circle\" viewBox=\"0 0 512 512\" xmlns=\"http:\/\/www.w3.org\/2000\/svg\"><path d=\"M504 256c0 136.967-111.033 248-248 248S8 392.967 8 256 119.033 8 256 8s248 111.033 248 248zM227.314 387.314l184-184c6.248-6.248 6.248-16.379 0-22.627l-22.627-22.627c-6.248-6.249-16.379-6.249-22.628 0L216 308.118l-70.059-70.059c-6.248-6.248-16.379-6.248-22.628 0l-22.627 22.627c-6.248 6.248-6.248 16.379 0 22.627l104 104c6.249 6.249 16.379 6.249 22.628.001z\"><\/path><\/svg>\t\t\t\t\t\t<\/span>\n\t\t\t\t\t\t\t\t\t\t<span class=\"elementor-icon-list-text\">Control total durante el trayecto<\/span>\n\t\t\t\t\t\t\t\t\t<\/li>\n\t\t\t\t\t\t<\/ul>\n\t\t\t\t\t\t<\/div>\n\t\t\t\t<\/div>\n\t\t<div class=\"elementor-element elementor-element-740326d2 e-con-full e-flex e-con e-child\" data-id=\"740326d2\" data-element_type=\"container\" data-e-type=\"container\">\n\t\t<div class=\"elementor-element elementor-element-9c38a49 e-con-full e-flex elementor-invisible e-con e-child\" data-id=\"9c38a49\" data-element_type=\"container\" data-e-type=\"container\" data-settings=\"{&quot;background_background&quot;:&quot;classic&quot;,&quot;animation&quot;:&quot;fadeInUp&quot;}\">\n\t\t\t\t<div class=\"elementor-element elementor-element-5934569a elementor-widget elementor-widget-heading\" data-id=\"5934569a\" data-element_type=\"widget\" data-e-type=\"widget\" data-widget_type=\"heading.default\">\n\t\t\t\t\t<h3 class=\"elementor-heading-title elementor-size-default\">\u00bfNecesitas m\u00e1s ayuda?<\/h3>\t\t\t\t<\/div>\n\t\t\t\t<div class=\"elementor-element elementor-element-748dfcdd elementor-widget elementor-widget-text-editor\" data-id=\"748dfcdd\" data-element_type=\"widget\" data-e-type=\"widget\" data-widget_type=\"text-editor.default\">\n\t\t\t\t\t\t\t\t\t<p>Comunicate con nosotros<\/p>\t\t\t\t\t\t\t\t<\/div>\n\t\t\t\t<div class=\"elementor-element elementor-element-18d00c7d elementor-view-stacked elementor-position-inline-start elementor-mobile-position-inline-start elementor-shape-square elementor-widget elementor-widget-icon-box\" data-id=\"18d00c7d\" data-element_type=\"widget\" data-e-type=\"widget\" data-widget_type=\"icon-box.default\">\n\t\t\t\t\t\t\t<div class=\"elementor-icon-box-wrapper\">\n\n\t\t\t\t\t\t<div class=\"elementor-icon-box-icon\">\n\t\t\t\t<span  class=\"elementor-icon\">\n\t\t\t\t<svg aria-hidden=\"true\" class=\"e-font-icon-svg e-fas-phone-alt\" viewBox=\"0 0 512 512\" xmlns=\"http:\/\/www.w3.org\/2000\/svg\"><path d=\"M497.39 361.8l-112-48a24 24 0 0 0-28 6.9l-49.6 60.6A370.66 370.66 0 0 1 130.6 204.11l60.6-49.6a23.94 23.94 0 0 0 6.9-28l-48-112A24.16 24.16 0 0 0 122.6.61l-104 24A24 24 0 0 0 0 48c0 256.5 207.9 464 464 464a24 24 0 0 0 23.4-18.6l24-104a24.29 24.29 0 0 0-14.01-27.6z\"><\/path><\/svg>\t\t\t\t<\/span>\n\t\t\t<\/div>\n\t\t\t\n\t\t\t\t\t\t<div class=\"elementor-icon-box-content\">\n\n\t\t\t\t\t\t\t\t\t<div class=\"elementor-icon-box-title\">\n\t\t\t\t\t\t<span  >\n\t\t\t\t\t\t\tTel\u00e9fono\t\t\t\t\t\t<\/span>\n\t\t\t\t\t<\/div>\n\t\t\t\t\n\t\t\t\t\t\t\t\t\t<p class=\"elementor-icon-box-description\">\n\t\t\t\t\t\t(55) 5384-1599\t\t\t\t\t<\/p>\n\t\t\t\t\n\t\t\t<\/div>\n\t\t\t\n\t\t<\/div>\n\t\t\t\t\t\t<\/div>\n\t\t\t\t<div class=\"elementor-element elementor-element-18e25b95 elementor-view-stacked elementor-position-inline-start elementor-mobile-position-inline-start elementor-shape-square elementor-widget elementor-widget-icon-box\" data-id=\"18e25b95\" data-element_type=\"widget\" data-e-type=\"widget\" data-widget_type=\"icon-box.default\">\n\t\t\t\t\t\t\t<div class=\"elementor-icon-box-wrapper\">\n\n\t\t\t\t\t\t<div class=\"elementor-icon-box-icon\">\n\t\t\t\t<span  class=\"elementor-icon\">\n\t\t\t\t<svg aria-hidden=\"true\" class=\"e-font-icon-svg e-fas-phone-alt\" viewBox=\"0 0 512 512\" xmlns=\"http:\/\/www.w3.org\/2000\/svg\"><path d=\"M497.39 361.8l-112-48a24 24 0 0 0-28 6.9l-49.6 60.6A370.66 370.66 0 0 1 130.6 204.11l60.6-49.6a23.94 23.94 0 0 0 6.9-28l-48-112A24.16 24.16 0 0 0 122.6.61l-104 24A24 24 0 0 0 0 48c0 256.5 207.9 464 464 464a24 24 0 0 0 23.4-18.6l24-104a24.29 24.29 0 0 0-14.01-27.6z\"><\/path><\/svg>\t\t\t\t<\/span>\n\t\t\t<\/div>\n\t\t\t\n\t\t\t\t\t\t<div class=\"elementor-icon-box-content\">\n\n\t\t\t\t\t\t\t\t\t<div class=\"elementor-icon-box-title\">\n\t\t\t\t\t\t<span  >\n\t\t\t\t\t\t\tTel\u00e9fono\t\t\t\t\t\t<\/span>\n\t\t\t\t\t<\/div>\n\t\t\t\t\n\t\t\t\t\t\t\t\t\t<p class=\"elementor-icon-box-description\">\n\t\t\t\t\t\t(55) 5384-1597\t\t\t\t\t<\/p>\n\t\t\t\t\n\t\t\t<\/div>\n\t\t\t\n\t\t<\/div>\n\t\t\t\t\t\t<\/div>\n\t\t\t\t<\/div>\n\t\t\t\t<\/div>\n\t\t\t\t\t<\/div>\n\t\t\t\t<\/div>\n\t\t<div class=\"elementor-element elementor-element-1e181181 e-flex e-con-boxed e-con e-parent\" data-id=\"1e181181\" data-element_type=\"container\" data-e-type=\"container\" data-settings=\"{&quot;background_background&quot;:&quot;classic&quot;}\">\n\t\t\t\t\t<div class=\"e-con-inner\">\n\t\t<div class=\"elementor-element elementor-element-372eb1a9 e-con-full e-flex elementor-invisible e-con e-child\" data-id=\"372eb1a9\" data-element_type=\"container\" data-e-type=\"container\" data-settings=\"{&quot;background_background&quot;:&quot;classic&quot;,&quot;animation&quot;:&quot;fadeInUp&quot;}\">\n\t\t\t\t<div class=\"elementor-element elementor-element-7e189c19 elementor-widget elementor-widget-heading\" data-id=\"7e189c19\" data-element_type=\"widget\" data-e-type=\"widget\" data-widget_type=\"heading.default\">\n\t\t\t\t\t<h2 class=\"elementor-heading-title elementor-size-default\">Operamos con protocolos precisos, personal certificado y tecnolog\u00eda de punta para garantizar tu seguridad en cada servicio.\n<\/h2>\t\t\t\t<\/div>\n\t\t\t\t<div class=\"elementor-element elementor-element-7e61bb1f elementor-align-left elementor-widget elementor-widget-button\" data-id=\"7e61bb1f\" data-element_type=\"widget\" data-e-type=\"widget\" data-widget_type=\"button.default\">\n\t\t\t\t\t\t\t\t\t\t<a class=\"elementor-button elementor-button-link elementor-size-md\" href=\"https:\/\/sistemacobra.com.mx\/contacto\/\">\n\t\t\t\t\t\t<span class=\"elementor-button-content-wrapper\">\n\t\t\t\t\t\t\t\t\t<span class=\"elementor-button-text\">Cont\u00e1ctanos<\/span>\n\t\t\t\t\t<\/span>\n\t\t\t\t\t<\/a>\n\t\t\t\t\t\t\t\t<\/div>\n\t\t\t\t<\/div>\n\t\t\t\t\t<\/div>\n\t\t\t\t<\/div>\n\t\t\t\t<\/div>\n\t\t","protected":false},"excerpt":{"rendered":"<p>Custodia y traslado de bienes Protegemos tu carga en carretera y zonas metropolitanas con unidades blindadas, rastreo GPS y personal armado altamente capacitado. M\u00e1xima confidencialidad Monitoreo en tiempo real Reacci\u00f3n inmediata Control total durante el trayecto \u00bfNecesitas m\u00e1s ayuda? Comunicate con nosotros Tel\u00e9fono (55) 5384-1599 Tel\u00e9fono (55) 5384-1597 Operamos con protocolos precisos, personal certificado y [&hellip;]<\/p>\n","protected":false},"author":1,"featured_media":0,"parent":0,"menu_order":0,"comment_status":"open","ping_status":"closed","template":"elementor_header_footer","meta":{"footnotes":""},"class_list":["post-394","page","type-page","status-publish","hentry"],"yoast_head":"<!-- This site is optimized with the Yoast SEO plugin v27.3 - https:\/\/yoast.com\/product\/yoast-seo-wordpress\/ -->\n<title>Traslado y Custodia de Bienes Seguros | Sistema Cobra<\/title>\n<meta name=\"description\" content=\"Garantiza el traslado seguro de tus bienes con unidades blindadas y personal armado. En Sistema Cobra minimizamos riesgos con protocolos especializados.\" \/>\n<meta name=\"robots\" content=\"index, follow, max-snippet:-1, max-image-preview:large, max-video-preview:-1\" \/>\n<link rel=\"canonical\" href=\"https:\/\/sistemacobra.com.mx\/custodia-y-traslado-de-bienes\/\" \/>\n<meta property=\"og:locale\" content=\"es_ES\" \/>\n<meta property=\"og:type\" content=\"article\" \/>\n<meta property=\"og:title\" content=\"Traslado y Custodia de Bienes Seguros | Sistema Cobra\" \/>\n<meta property=\"og:description\" content=\"Garantiza el traslado seguro de tus bienes con unidades blindadas y personal armado. En Sistema Cobra minimizamos riesgos con protocolos especializados.\" \/>\n<meta property=\"og:url\" content=\"https:\/\/sistemacobra.com.mx\/custodia-y-traslado-de-bienes\/\" \/>\n<meta property=\"og:site_name\" content=\"Sistema Cobra\" \/>\n<meta property=\"article:modified_time\" content=\"2026-04-09T16:52:10+00:00\" \/>\n<meta property=\"og:image\" content=\"https:\/\/sistemacobra.com.mx\/wp-content\/uploads\/2026\/04\/sistema-cobra-1024x555.png\" \/>\n\t<meta property=\"og:image:width\" content=\"1024\" \/>\n\t<meta property=\"og:image:height\" content=\"555\" \/>\n\t<meta property=\"og:image:type\" content=\"image\/png\" \/>\n<meta name=\"twitter:card\" content=\"summary_large_image\" \/>\n<meta name=\"twitter:label1\" content=\"Tiempo de lectura\" \/>\n\t<meta name=\"twitter:data1\" content=\"1 minuto\" \/>\n<script type=\"application\/ld+json\" class=\"yoast-schema-graph\">{\"@context\":\"https:\\\/\\\/schema.org\",\"@graph\":[{\"@type\":\"WebPage\",\"@id\":\"https:\\\/\\\/sistemacobra.com.mx\\\/custodia-y-traslado-de-bienes\\\/\",\"url\":\"https:\\\/\\\/sistemacobra.com.mx\\\/custodia-y-traslado-de-bienes\\\/\",\"name\":\"Traslado y Custodia de Bienes Seguros | Sistema Cobra\",\"isPartOf\":{\"@id\":\"https:\\\/\\\/sistemacobra.com.mx\\\/#website\"},\"datePublished\":\"2026-01-30T17:35:56+00:00\",\"dateModified\":\"2026-04-09T16:52:10+00:00\",\"description\":\"Garantiza el traslado seguro de tus bienes con unidades blindadas y personal armado. En Sistema Cobra minimizamos riesgos con protocolos especializados.\",\"breadcrumb\":{\"@id\":\"https:\\\/\\\/sistemacobra.com.mx\\\/custodia-y-traslado-de-bienes\\\/#breadcrumb\"},\"inLanguage\":\"es\",\"potentialAction\":[{\"@type\":\"ReadAction\",\"target\":[\"https:\\\/\\\/sistemacobra.com.mx\\\/custodia-y-traslado-de-bienes\\\/\"]}]},{\"@type\":\"BreadcrumbList\",\"@id\":\"https:\\\/\\\/sistemacobra.com.mx\\\/custodia-y-traslado-de-bienes\\\/#breadcrumb\",\"itemListElement\":[{\"@type\":\"ListItem\",\"position\":1,\"name\":\"Portada\",\"item\":\"https:\\\/\\\/sistemacobra.com.mx\\\/\"},{\"@type\":\"ListItem\",\"position\":2,\"name\":\"Custodia y traslado de bienes\"}]},{\"@type\":\"WebSite\",\"@id\":\"https:\\\/\\\/sistemacobra.com.mx\\\/#website\",\"url\":\"https:\\\/\\\/sistemacobra.com.mx\\\/\",\"name\":\"Custodia y Traslado de Valores en M\u00e9xico | Sistema Cobra\",\"description\":\"Protege tus bienes con Sistema Cobra. Ofrecemos custodia y traslado de valores con unidades blindadas, personal armado y cobertura en todo M\u00e9xico. Seguridad confiable para tu empresa.\",\"publisher\":{\"@id\":\"https:\\\/\\\/sistemacobra.com.mx\\\/#organization\"},\"alternateName\":\"Sistema Cobra\",\"potentialAction\":[{\"@type\":\"SearchAction\",\"target\":{\"@type\":\"EntryPoint\",\"urlTemplate\":\"https:\\\/\\\/sistemacobra.com.mx\\\/?s={search_term_string}\"},\"query-input\":{\"@type\":\"PropertyValueSpecification\",\"valueRequired\":true,\"valueName\":\"search_term_string\"}}],\"inLanguage\":\"es\"},{\"@type\":\"Organization\",\"@id\":\"https:\\\/\\\/sistemacobra.com.mx\\\/#organization\",\"name\":\"Custodia y Traslado de Valores en M\u00e9xico | Sistema Cobra\",\"alternateName\":\"Sistema Cobra\",\"url\":\"https:\\\/\\\/sistemacobra.com.mx\\\/\",\"logo\":{\"@type\":\"ImageObject\",\"inLanguage\":\"es\",\"@id\":\"https:\\\/\\\/sistemacobra.com.mx\\\/#\\\/schema\\\/logo\\\/image\\\/\",\"url\":\"https:\\\/\\\/sistemacobra.com.mx\\\/wp-content\\\/uploads\\\/2025\\\/12\\\/cropped-logo_cobra.png\",\"contentUrl\":\"https:\\\/\\\/sistemacobra.com.mx\\\/wp-content\\\/uploads\\\/2025\\\/12\\\/cropped-logo_cobra.png\",\"width\":512,\"height\":512,\"caption\":\"Custodia y Traslado de Valores en M\u00e9xico | Sistema Cobra\"},\"image\":{\"@id\":\"https:\\\/\\\/sistemacobra.com.mx\\\/#\\\/schema\\\/logo\\\/image\\\/\"}}]}<\/script>\n<!-- \/ Yoast SEO plugin. -->","yoast_head_json":{"title":"Traslado y Custodia de Bienes Seguros | Sistema Cobra","description":"Garantiza el traslado seguro de tus bienes con unidades blindadas y personal armado. En Sistema Cobra minimizamos riesgos con protocolos especializados.","robots":{"index":"index","follow":"follow","max-snippet":"max-snippet:-1","max-image-preview":"max-image-preview:large","max-video-preview":"max-video-preview:-1"},"canonical":"https:\/\/sistemacobra.com.mx\/custodia-y-traslado-de-bienes\/","og_locale":"es_ES","og_type":"article","og_title":"Traslado y Custodia de Bienes Seguros | Sistema Cobra","og_description":"Garantiza el traslado seguro de tus bienes con unidades blindadas y personal armado. En Sistema Cobra minimizamos riesgos con protocolos especializados.","og_url":"https:\/\/sistemacobra.com.mx\/custodia-y-traslado-de-bienes\/","og_site_name":"Sistema Cobra","article_modified_time":"2026-04-09T16:52:10+00:00","og_image":[{"width":1024,"height":555,"url":"https:\/\/sistemacobra.com.mx\/wp-content\/uploads\/2026\/04\/sistema-cobra-1024x555.png","type":"image\/png"}],"twitter_card":"summary_large_image","twitter_misc":{"Tiempo de lectura":"1 minuto"},"schema":{"@context":"https:\/\/schema.org","@graph":[{"@type":"WebPage","@id":"https:\/\/sistemacobra.com.mx\/custodia-y-traslado-de-bienes\/","url":"https:\/\/sistemacobra.com.mx\/custodia-y-traslado-de-bienes\/","name":"Traslado y Custodia de Bienes Seguros | Sistema Cobra","isPartOf":{"@id":"https:\/\/sistemacobra.com.mx\/#website"},"datePublished":"2026-01-30T17:35:56+00:00","dateModified":"2026-04-09T16:52:10+00:00","description":"Garantiza el traslado seguro de tus bienes con unidades blindadas y personal armado. En Sistema Cobra minimizamos riesgos con protocolos especializados.","breadcrumb":{"@id":"https:\/\/sistemacobra.com.mx\/custodia-y-traslado-de-bienes\/#breadcrumb"},"inLanguage":"es","potentialAction":[{"@type":"ReadAction","target":["https:\/\/sistemacobra.com.mx\/custodia-y-traslado-de-bienes\/"]}]},{"@type":"BreadcrumbList","@id":"https:\/\/sistemacobra.com.mx\/custodia-y-traslado-de-bienes\/#breadcrumb","itemListElement":[{"@type":"ListItem","position":1,"name":"Portada","item":"https:\/\/sistemacobra.com.mx\/"},{"@type":"ListItem","position":2,"name":"Custodia y traslado de bienes"}]},{"@type":"WebSite","@id":"https:\/\/sistemacobra.com.mx\/#website","url":"https:\/\/sistemacobra.com.mx\/","name":"Custodia y Traslado de Valores en M\u00e9xico | Sistema Cobra","description":"Protege tus bienes con Sistema Cobra. Ofrecemos custodia y traslado de valores con unidades blindadas, personal armado y cobertura en todo M\u00e9xico. Seguridad confiable para tu empresa.","publisher":{"@id":"https:\/\/sistemacobra.com.mx\/#organization"},"alternateName":"Sistema Cobra","potentialAction":[{"@type":"SearchAction","target":{"@type":"EntryPoint","urlTemplate":"https:\/\/sistemacobra.com.mx\/?s={search_term_string}"},"query-input":{"@type":"PropertyValueSpecification","valueRequired":true,"valueName":"search_term_string"}}],"inLanguage":"es"},{"@type":"Organization","@id":"https:\/\/sistemacobra.com.mx\/#organization","name":"Custodia y Traslado de Valores en M\u00e9xico | Sistema Cobra","alternateName":"Sistema Cobra","url":"https:\/\/sistemacobra.com.mx\/","logo":{"@type":"ImageObject","inLanguage":"es","@id":"https:\/\/sistemacobra.com.mx\/#\/schema\/logo\/image\/","url":"https:\/\/sistemacobra.com.mx\/wp-content\/uploads\/2025\/12\/cropped-logo_cobra.png","contentUrl":"https:\/\/sistemacobra.com.mx\/wp-content\/uploads\/2025\/12\/cropped-logo_cobra.png","width":512,"height":512,"caption":"Custodia y Traslado de Valores en M\u00e9xico | Sistema Cobra"},"image":{"@id":"https:\/\/sistemacobra.com.mx\/#\/schema\/logo\/image\/"}}]}},"_links":{"self":[{"href":"https:\/\/sistemacobra.com.mx\/index.php?rest_route=\/wp\/v2\/pages\/394","targetHints":{"allow":["GET"]}}],"collection":[{"href":"https:\/\/sistemacobra.com.mx\/index.php?rest_route=\/wp\/v2\/pages"}],"about":[{"href":"https:\/\/sistemacobra.com.mx\/index.php?rest_route=\/wp\/v2\/types\/page"}],"author":[{"embeddable":true,"href":"https:\/\/sistemacobra.com.mx\/index.php?rest_route=\/wp\/v2\/users\/1"}],"replies":[{"embeddable":true,"href":"https:\/\/sistemacobra.com.mx\/index.php?rest_route=%2Fwp%2Fv2%2Fcomments&post=394"}],"version-history":[{"count":13,"href":"https:\/\/sistemacobra.com.mx\/index.php?rest_route=\/wp\/v2\/pages\/394\/revisions"}],"predecessor-version":[{"id":443,"href":"https:\/\/sistemacobra.com.mx\/index.php?rest_route=\/wp\/v2\/pages\/394\/revisions\/443"}],"wp:attachment":[{"href":"https:\/\/sistemacobra.com.mx\/index.php?rest_route=%2Fwp%2Fv2%2Fmedia&parent=394"}],"curies":[{"name":"wp","href":"https:\/\/api.w.org\/{rel}","templated":true}]}}